{"id":7,"date":"2024-07-24T23:34:02","date_gmt":"2024-07-24T22:34:02","guid":{"rendered":"https:\/\/counsellingwithadam.net\/?page_id=7"},"modified":"2026-03-31T10:16:39","modified_gmt":"2026-03-31T09:16:39","slug":"home","status":"publish","type":"page","link":"https:\/\/counsellingwithadam.net\/es\/","title":{"rendered":"Hogar"},"content":{"rendered":"<section class=\"wpb-content-wrapper\"><div data-vc-full-width=\"true\" data-vc-full-width-init=\"false\" class=\"vc_row wpb_row vc_row-fluid vc_custom_1759999253942 vc_row-o-full-height vc_row-o-columns-top vc_row-o-equal-height vc_row-flex wpex-vc_row-has-fill wpex-vc-row-stretched\"><div class=\"wpb_column vc_column_container vc_col-sm-6\"><div class=\"vc_column-inner\"><div class=\"wpb_wrapper\"><style>.vcex-heading.vcex_69f2d2424c4bd{color:var(--wpex-on-accent);}<\/style><div class=\"vcex-heading vcex-heading-plain vcex-module wpex-h1 vcex_69f2d2424c4bd\"><span class=\"vcex-heading-inner wpex-inline-block\">Profesional con experiencia en consejer\u00eda<\/span><\/div>\n\t<div style=\"color:var(--wpex-on-accent);\" class=\"wpb_text_column has-custom-color wpex-child-inherit-color wpb_content_element\" >\n\t\t<div class=\"wpb_wrapper\">\n\t\t\t<p>Soy una consejera de relaciones con experiencia que trabaja con parejas, amantes m\u00faltiples, familias e individuos. Mi objetivo es ayudar a las personas a resolver la mayor\u00eda de los problemas que causan angustia y malestar emocional. Tengo conocimientos, experiencia y comprensi\u00f3n. Ofrezco un espacio c\u00e1lido, confidencial y seguro para hablar. Soy una consejera integradora que trabaja para adaptarse a las necesidades del cliente. Tengo experiencia en relaciones, terapia cognitivo conductual, psicodin\u00e1mica, terapia humanista y existencial.<\/p>\n\n\t\t<\/div>\n\t<\/div>\n<a href=\"#experience\" class=\"vcex-button theme-button medium inline\" style=\"background:#608993;margin-top:15px;\" data-wpex-hover='{&quot;background&quot;:&quot;#204751&quot;}'><span class=\"vcex-button-inner theme-button-inner\"><span class=\"vcex-button-icon vcex-icon-wrap theme-button-icon-left\"><span class=\"ticon ticon-arrow-down\" aria-hidden=\"true\"><\/span><\/span>Leer m\u00e1s<\/span><\/a> <\/div><\/div><\/div><div class=\"wpb_column vc_column_container vc_col-sm-6\"><div class=\"vc_column-inner\"><div class=\"wpb_wrapper\"><style>.vcex-image.vcex_69f2d2424e206 .vcex-image-img{border-radius:var(--wpex-rounded-lg);}<\/style><figure class=\"vcex-image vcex-module vcex_69f2d2424e206\"><div class=\"vcex-image-inner wpex-relative wpex-inline-block\"><img width=\"471\" height=\"471\" src=\"https:\/\/counsellingwithadam.net\/wp-content\/uploads\/2024\/07\/Adam3.jpg\" class=\"vcex-image-img wpex-align-middle\" alt=\"therapist in Madrid\" loading=\"lazy\" decoding=\"async\" srcset=\"https:\/\/counsellingwithadam.net\/wp-content\/uploads\/2024\/07\/Adam3.jpg 471w, https:\/\/counsellingwithadam.net\/wp-content\/uploads\/2024\/07\/Adam3-300x300.jpg 300w, https:\/\/counsellingwithadam.net\/wp-content\/uploads\/2024\/07\/Adam3-150x150.jpg 150w\" sizes=\"auto, (max-width: 471px) 100vw, 471px\" \/><\/div><\/figure><style>.vcex-heading.vcex_69f2d2424ef01{color:var(--wpex-on-accent);font-size:var(--wpex-text-lg);}<\/style><div class=\"vcex-heading vcex-heading-plain vcex-module wpex-heading wpex-text-2xl wpex-mt-5 wpex-text-center vc_custom_1759999271947 vcex_69f2d2424ef01\"><span class=\"vcex-heading-inner wpex-inline-block\">Adam Day, MBACP, Licenciado en Artes (con honores), M\u00e1ster en Artes<\/span><\/div><\/div><\/div><\/div><\/div><div class=\"vc_row-full-width vc_clearfix\"><\/div><div class=\"vc_row wpb_row vc_row-fluid\" data-ls_id=\"#experience\" tabindex=\"-1\"><div class=\"wpb_column vc_column_container vc_col-sm-12\"><div class=\"vc_column-inner\"><div class=\"wpb_wrapper\"><style>.vcex-heading.vcex_69f2d2424fd37{font-size:var(--wpex-text-4xl);}<\/style><div class=\"vcex-heading vcex-heading-bottom-border-w-color vcex-module wpex-h2 wpex-border-b-2 wpex-border-solid wpex-border-main vcex_69f2d2424fd37\"><span class=\"vcex-heading-inner wpex-inline-block wpex-relative wpex-pb-5 wpex-border-b-2 wpex-border-solid wpex-border-accent\">Formaci\u00f3n, cualificaciones y experiencia<\/span><\/div><div class=\"vcex-module vcex-bullets custom-icon\">\n<ul>\n<li><div class=\"vcex-bullets-ci-wrap wpex-inline-flex\"><span class=\"vcex-bullets-icon-wrap vcex-icon-wrap wpex-mr-10\"><span class=\"vcex-bullets-icon vcex-icon ticon ticon-check\" aria-hidden=\"true\"><\/span><\/span><div class=\"vcex-content wpex-flex-grow\">Licenciatura en Asesoramiento en la Universidad de Middlesex<\/div><\/div><\/li>\n<li><div class=\"vcex-bullets-ci-wrap wpex-inline-flex\"><span class=\"vcex-bullets-icon-wrap vcex-icon-wrap wpex-mr-10\"><span class=\"vcex-bullets-icon vcex-icon ticon ticon-check\" aria-hidden=\"true\"><\/span><\/span><div class=\"vcex-content wpex-flex-grow\">Tengo experiencia en terapia privada a largo plazo, asesoramiento de parejas, asesoramiento temporal del NHS y asesoramiento penitenciario.<\/div><\/div><\/li>\n<li><div class=\"vcex-bullets-ci-wrap wpex-inline-flex\"><span class=\"vcex-bullets-icon-wrap vcex-icon-wrap wpex-mr-10\"><span class=\"vcex-bullets-icon vcex-icon ticon ticon-check\" aria-hidden=\"true\"><\/span><\/span><div class=\"vcex-content wpex-flex-grow\">Soy miembro registrado de la Asociaci\u00f3n Brit\u00e1nica de Asesoramiento y Psicoterapia.<\/div><\/div><\/li>\n<li><div class=\"vcex-bullets-ci-wrap wpex-inline-flex\"><span class=\"vcex-bullets-icon-wrap vcex-icon-wrap wpex-mr-10\"><span class=\"vcex-bullets-icon vcex-icon ticon ticon-check\" aria-hidden=\"true\"><\/span><\/span><div class=\"vcex-content wpex-flex-grow\">M\u00e1ster en Estudios Psicoanal\u00edticos en Birkbeck College<\/div><\/div><\/li>\n<li><div class=\"vcex-bullets-ci-wrap wpex-inline-flex\"><span class=\"vcex-bullets-icon-wrap vcex-icon-wrap wpex-mr-10\"><span class=\"vcex-bullets-icon vcex-icon ticon ticon-check\" aria-hidden=\"true\"><\/span><\/span><div class=\"vcex-content wpex-flex-grow\">Certificado en Facilitaci\u00f3n de Grupos de Re-Vision<\/div><\/div><\/li>\n<li><div class=\"vcex-bullets-ci-wrap wpex-inline-flex\"><span class=\"vcex-bullets-icon-wrap vcex-icon-wrap wpex-mr-10\"><span class=\"vcex-bullets-icon vcex-icon ticon ticon-check\" aria-hidden=\"true\"><\/span><\/span><div class=\"vcex-content wpex-flex-grow\">Certificado en Terapia de Pareja\/Relaciones de The Grove<\/div><\/div><\/li>\n<\/ul>\n<\/div><\/div><\/div><\/div><\/div><div data-vc-full-width=\"true\" data-vc-full-width-init=\"false\" class=\"vc_row wpb_row vc_row-fluid vc_custom_1759999583685 vc_row-o-equal-height vc_row-flex wpex-vc_row-has-fill wpex-vc-row-stretched\" data-ls_id=\"#about\" tabindex=\"-1\"><div class=\"wpb_column vc_column_container vc_col-sm-12\"><div class=\"vc_column-inner\"><div class=\"wpb_wrapper\"><style>.vcex-heading.vcex_69f2d24250e74{color:var(--wpex-on-accent);font-size:var(--wpex-text-4xl);}<\/style><div class=\"vcex-heading vcex-heading-plain vcex-module wpex-h2 vcex_69f2d24250e74\"><span class=\"vcex-heading-inner wpex-inline-block\">Acerca de<\/span><\/div>\n\t<div style=\"color:var(--wpex-on-accent);\" class=\"wpb_text_column has-custom-color wpex-child-inherit-color wpb_content_element\" >\n\t\t<div class=\"wpb_wrapper\">\n\t\t\t<p>Adam cree que todas las personas pueden beneficiarse de la psicoterapia. No existe ning\u00fan tab\u00fa en poder hablar de tus emociones, miedos, confusiones, ansiedades o traumas.<\/p>\n<p>Adam sabe que usted es el experto en su vida y conf\u00eda en que tomar\u00e1 las mejores decisiones para usted. \u00c9l te escuchar\u00e1, utilizar\u00e1 su conocimiento y experiencia para reflejar tus patrones y verdaderas emociones para que puedas procesarlos y elegir c\u00f3mo desarrollarte o continuar como desees.<\/p>\n\n\t\t<\/div>\n\t<\/div>\n<div class=\"vc_row wpb_row vc_inner vc_row-fluid vc_custom_1759999919480 vc_row-o-equal-height vc_row-o-content-middle vc_row-flex\"><div class=\"wpb_column vc_column_container vc_col-sm-6\"><div class=\"vc_column-inner\"><div class=\"wpb_wrapper\"><style>.vcex-image.vcex_69f2d24251a1a .vcex-image-img{border-radius:var(--wpex-radius-blob-1);}<\/style><figure class=\"vcex-image vcex-module vcex_69f2d24251a1a\"><div class=\"vcex-image-inner wpex-relative wpex-inline-block\"><img width=\"759\" height=\"1172\" src=\"https:\/\/counsellingwithadam.net\/wp-content\/uploads\/2024\/07\/Adam2-1-e1722421203699.jpg\" class=\"vcex-image-img wpex-align-middle\" alt=\"relationship counsellor in Madrid\" loading=\"lazy\" decoding=\"async\" srcset=\"https:\/\/counsellingwithadam.net\/wp-content\/uploads\/2024\/07\/Adam2-1-e1722421203699.jpg 759w, https:\/\/counsellingwithadam.net\/wp-content\/uploads\/2024\/07\/Adam2-1-e1722421203699-194x300.jpg 194w, https:\/\/counsellingwithadam.net\/wp-content\/uploads\/2024\/07\/Adam2-1-e1722421203699-663x1024.jpg 663w\" sizes=\"auto, (max-width: 759px) 100vw, 759px\" \/><\/div><\/figure><\/div><\/div><\/div><div class=\"wpb_column vc_column_container vc_col-sm-6\"><div class=\"vc_column-inner\"><div class=\"wpb_wrapper\">\n\t<div style=\"color:var(--wpex-on-accent);\" class=\"wpb_text_column has-custom-color wpex-child-inherit-color wpb_content_element\" >\n\t\t<div class=\"wpb_wrapper\">\n\t\t\t<p>Adam naci\u00f3 y se cri\u00f3 en el multicultural sur de Londres y ha emprendido su propio viaje de desarrollo personal. Se enorgullece de su comprensi\u00f3n de todos los diferentes tipos de personas. Las luchas que todos enfrentamos realmente moldean la forma en que vivimos el d\u00eda a d\u00eda. Explorar los or\u00edgenes del comportamiento es importante para comprender sus patrones de pensamiento y las razones por las que act\u00faa como lo hace hoy. \u00bfTe han hecho sentir diferente a los dem\u00e1s? \u00bfTe has sentido juzgado? \u00bfEs dif\u00edcil la vida con tus pensamientos y sentimientos? \u00bfHas sufrido abuso f\u00edsico y emocional? Si es as\u00ed, Adam ofrece un espacio para sacar estas cosas de tu cabeza, para que puedas comenzar a verlas como realmente son y luego priorizarlas.<\/p>\n<p>Tras su experiencia militar al inicio de su carrera, Adam pronto se dio cuenta de que, si bien se sent\u00eda orgulloso de su servicio, se sent\u00eda m\u00e1s c\u00f3modo ayudando a los dem\u00e1s. M\u00e1s adelante, trabajando en ventas, decidi\u00f3 dedicarse a explorar su vida y convertirse en terapeuta. Adam se licenci\u00f3 en Psicolog\u00eda (con honores) por la Universidad de Middlesex. Es miembro registrado de la Asociaci\u00f3n Brit\u00e1nica de Psicolog\u00eda y Psicoterapia (BA) en el Reino Unido y tambi\u00e9n est\u00e1 registrado en APHICE en Madrid. Es un facilitador experimentado de terapia de grupo, con un certificado en Facilitaci\u00f3n de Grupos de ReVision en Londres. Adam tiene un m\u00e1ster en Estudios Psicoanal\u00edticos por el Birkbeck College. Actualmente trabaja con parejas, tanto online como presencialmente en Madrid, tras haber completado el certificado en Terapia de Pareja\/Relaci\u00f3n en The Grove.<\/p>\n\n\t\t<\/div>\n\t<\/div>\n<\/div><\/div><\/div><\/div><\/div><\/div><\/div><\/div><div class=\"vc_row-full-width vc_clearfix\"><\/div><div class=\"vc_row wpb_row vc_row-fluid\" data-ls_id=\"#book-online\" tabindex=\"-1\"><div class=\"wpb_column vc_column_container vc_col-sm-12\"><div class=\"vc_column-inner\"><div class=\"wpb_wrapper\"><style>.vcex-heading.vcex_69f2d24252f65{font-size:var(--wpex-text-4xl);}<\/style><div class=\"vcex-heading vcex-heading-bottom-border-w-color vcex-module wpex-h2 wpex-border-b-2 wpex-border-solid wpex-border-main vcex_69f2d24252f65\"><span class=\"vcex-heading-inner wpex-inline-block wpex-relative wpex-pb-5 wpex-border-b-2 wpex-border-solid wpex-border-accent\">Libro en l\u00ednea<\/span><\/div>\n\t<div class=\"wpb_text_column wpb_content_element\" >\n\t\t<div class=\"wpb_wrapper\">\n\t\t\t<h3>Honorarios<\/h3>\n<ul>\n<li>Asesoramiento de pareja\/relaciones: 100 \u20ac por sesi\u00f3n de 1 hora (la primera sesi\u00f3n dura 90 minutos y cuesta 120 \u20ac)<\/li>\n<li>Asesoramiento individual: 60\u20ac por sesi\u00f3n\n<ul>\n<li>Paquete de 6 sesiones: 330 \u20ac<\/li>\n<li>Paquete de 12 sesiones: 600 \u20ac<\/li>\n<\/ul>\n<\/li>\n<li>Terapia cognitivo-conductual: 80 \u20ac por sesi\u00f3n\n<ul>\n<li>Curso completo de 12 sesiones (1 por semana): 799 \u20ac<\/li>\n<\/ul>\n<\/li>\n<\/ul>\n\n\t\t<\/div>\n\t<\/div>\n<div class=\"vcex-spacing wpex-w-100 wpex-clear\"><\/div><div class=\"vc_row wpb_row vc_inner vc_row-fluid\"><div class=\"wpb_column vc_column_container vc_col-sm-4\"><div class=\"vc_column-inner\"><div class=\"wpb_wrapper\"><style>.vcex-heading.vcex_69f2d24253b32{font-size:var(--wpex-text-2xl);}<\/style><h1 class=\"vcex-heading vcex-heading-bottom-border vcex-module wpex-heading wpex-text-2xl vc_custom_1720694385379 wpex-border-b wpex-border-solid wpex-border-main vcex_69f2d24253b32\"><span class=\"vcex-heading-inner wpex-inline-block\">Terapia<\/span><\/h1><div class=\"vcex-spacing wpex-w-100 wpex-clear\"><\/div>\n\t<div class=\"wpb_text_column wpb_content_element\" >\n\t\t<div class=\"wpb_wrapper\">\n\t\t\t<p>Para poder beneficiarte del asesoramiento debes comprometerte a realizar una sesi\u00f3n por semana. Se encuentran disponibles opciones de bloqueo de sesiones o pago por uso.<\/p>\n\n\t\t<\/div>\n\t<\/div>\n<div class=\"vcex-spacing wpex-w-100 wpex-clear\"><\/div><a href=\"#contact\" class=\"vcex-button theme-button inline\"><span class=\"vcex-button-inner theme-button-inner\">Reservar ahora<\/span><\/a> <\/div><\/div><\/div><div class=\"wpb_column vc_column_container vc_col-sm-4\"><div class=\"vc_column-inner\"><div class=\"wpb_wrapper\"><style>.vcex-heading.vcex_69f2d24254cb9{font-size:var(--wpex-text-2xl);}<\/style><h1 class=\"vcex-heading vcex-heading-bottom-border vcex-module wpex-heading wpex-text-2xl vc_custom_1728293221190 wpex-border-b wpex-border-solid wpex-border-main vcex_69f2d24254cb9\"><span class=\"vcex-heading-inner wpex-inline-block\">Asesoramiento de relaciones<\/span><\/h1>\n\t<div class=\"wpb_text_column wpb_content_element\" >\n\t\t<div class=\"wpb_wrapper\">\n\t\t\t<p>Trabajar\u00e9 contigo para mejorar la comunicaci\u00f3n, la comprensi\u00f3n y las habilidades de resoluci\u00f3n de problemas. Los objetivos de la terapia de pareja var\u00edan seg\u00fan los problemas espec\u00edficos de la relaci\u00f3n...<\/p>\n\n\t\t<\/div>\n\t<\/div>\n<div class=\"vcex-spacing wpex-w-100 wpex-clear\"><\/div><div class=\"vcex-spacing wpex-w-100 wpex-clear\"><\/div><a href=\"\/es\/couples-therapy\/\" class=\"vcex-button theme-button inline\"><span class=\"vcex-button-inner theme-button-inner\">Aprende m\u00e1s<\/span><\/a> <\/div><\/div><\/div><div class=\"wpb_column vc_column_container vc_col-sm-4\"><div class=\"vc_column-inner\"><div class=\"wpb_wrapper\"><style>.vcex-heading.vcex_69f2d24255d2a{font-size:var(--wpex-text-2xl);}<\/style><h1 class=\"vcex-heading vcex-heading-bottom-border vcex-module wpex-heading wpex-text-2xl vc_custom_1766433534235 wpex-border-b wpex-border-solid wpex-border-main vcex_69f2d24255d2a\"><span class=\"vcex-heading-inner wpex-inline-block\">Terapia cognitivo-conductual<\/span><\/h1><div class=\"vcex-spacing wpex-w-100 wpex-clear\"><\/div>\n\t<div class=\"wpb_text_column wpb_content_element\" >\n\t\t<div class=\"wpb_wrapper\">\n\t\t\t<p>La tradici\u00f3n cognitivo-conductual representa un enfoque importante para la consejer\u00eda, con sus propios m\u00e9todos y conceptos distintivos.<\/p>\n\n\t\t<\/div>\n\t<\/div>\n<div class=\"vcex-spacing wpex-w-100 wpex-clear\"><\/div><a href=\"\/es\/cognitive-behavioural-therapy\/\" class=\"vcex-button theme-button inline\"><span class=\"vcex-button-inner theme-button-inner\">Aprende m\u00e1s<\/span><\/a> <\/div><\/div><\/div><\/div><\/div><\/div><\/div><\/div><div data-vc-full-width=\"true\" data-vc-full-width-init=\"false\" class=\"vc_row wpb_row vc_row-fluid wpex-vc-row-stretched\" data-ls_id=\"#contact\" tabindex=\"-1\"><div class=\"wpb_column vc_column_container vc_col-sm-12\"><div class=\"vc_column-inner\"><div class=\"wpb_wrapper\"><style>.vcex-heading.vcex_69f2d24257402{font-size:var(--wpex-text-4xl);}<\/style><div class=\"vcex-heading vcex-heading-bottom-border-w-color vcex-module wpex-h2 wpex-border-b-2 wpex-border-solid wpex-border-main vcex_69f2d24257402\"><span class=\"vcex-heading-inner wpex-inline-block wpex-relative wpex-pb-5 wpex-border-b-2 wpex-border-solid wpex-border-accent\">Contacto<\/span><\/div><div class=\"vcex-spacing wpex-w-100 wpex-clear\"><\/div><div class=\"vc_row wpb_row vc_inner vc_row-fluid\"><div class=\"wpb_column vc_column_container vc_col-sm-6\"><div class=\"vc_column-inner\"><div class=\"wpb_wrapper\"><div class=\"wpb_gmaps_widget wpb_content_element\"><div class=\"wpb_wrapper\"><div class=\"wpb_map_wraper\"><iframe src=\"https:\/\/www.google.com\/maps\/embed?pb=!1m18!1m12!1m3!1d3036.6800641428354!2d-3.7151892245158855!3d40.438082754340265!2m3!1f0!2f0!3f0!3m2!1i1024!2i768!4f13.1!3m3!1m2!1s0xd42285ca9ceb045%3A0x115a62c6a623cf86!2sC.%20de%20Guzm%C3%A1n%20el%20Bueno%2C%2068%2C%20Chamber%C3%AD%2C%2028015%20Madrid%2C%20Spain!5e0!3m2!1sen!2suk!4v1759612405907!5m2!1sen!2suk\" width=\"600\" height=\"350\" style=\"border:0;\" allowfullscreen=\"\" loading=\"lazy\" referrerpolicy=\"no-referrer-when-downgrade\"><\/iframe><\/div><\/div><\/div><div class=\"vcex-spacing wpex-w-100 wpex-clear\"><\/div><style>.vcex-image.vcex_69f2d24257f91 .vcex-image-inner{max-width:50%;}<\/style><figure class=\"vcex-image vcex-module vcex_69f2d24257f91\"><div class=\"vcex-image-inner wpex-relative wpex-inline-block\"><img width=\"2048\" height=\"910\" src=\"https:\/\/counsellingwithadam.net\/wp-content\/uploads\/2024\/07\/fe2cd9_92a5c0cedf914bb4a940bbdad373f5c4mv2-2048x910-1.png\" class=\"vcex-image-img wpex-align-middle\" alt=\"\" loading=\"lazy\" decoding=\"async\" srcset=\"https:\/\/counsellingwithadam.net\/wp-content\/uploads\/2024\/07\/fe2cd9_92a5c0cedf914bb4a940bbdad373f5c4mv2-2048x910-1.png 2048w, https:\/\/counsellingwithadam.net\/wp-content\/uploads\/2024\/07\/fe2cd9_92a5c0cedf914bb4a940bbdad373f5c4mv2-2048x910-1-300x133.png 300w, https:\/\/counsellingwithadam.net\/wp-content\/uploads\/2024\/07\/fe2cd9_92a5c0cedf914bb4a940bbdad373f5c4mv2-2048x910-1-1024x455.png 1024w, https:\/\/counsellingwithadam.net\/wp-content\/uploads\/2024\/07\/fe2cd9_92a5c0cedf914bb4a940bbdad373f5c4mv2-2048x910-1-768x341.png 768w, https:\/\/counsellingwithadam.net\/wp-content\/uploads\/2024\/07\/fe2cd9_92a5c0cedf914bb4a940bbdad373f5c4mv2-2048x910-1-1536x683.png 1536w\" sizes=\"auto, (max-width: 2048px) 100vw, 2048px\" \/><\/div><\/figure><div class=\"vcex-spacing wpex-w-100 wpex-clear\"><\/div><style>.vcex-image.vcex_69f2d24258a9a .vcex-image-inner{max-width:50%;}<\/style><figure class=\"vcex-image vcex-module vcex_69f2d24258a9a\"><div class=\"vcex-image-inner wpex-relative wpex-inline-block\"><a href=\"https:\/\/www.counselling-directory.org.uk\/counsellors\/adam-day-62606\" target=\"_blank\" rel=\"noopener\"><img width=\"323\" height=\"77\" src=\"https:\/\/counsellingwithadam.net\/wp-content\/uploads\/2024\/07\/fe2cd9_05545a3b07994e8286631a0865087877mv2-1.png\" class=\"vcex-image-img wpex-align-middle\" alt=\"\" loading=\"lazy\" decoding=\"async\" srcset=\"https:\/\/counsellingwithadam.net\/wp-content\/uploads\/2024\/07\/fe2cd9_05545a3b07994e8286631a0865087877mv2-1.png 323w, https:\/\/counsellingwithadam.net\/wp-content\/uploads\/2024\/07\/fe2cd9_05545a3b07994e8286631a0865087877mv2-1-300x72.png 300w\" sizes=\"auto, (max-width: 323px) 100vw, 323px\" \/><\/a><\/div><\/figure><\/div><\/div><\/div><div class=\"wpb_column vc_column_container vc_col-sm-6\"><div class=\"vc_column-inner\"><div class=\"wpb_wrapper\">\n\t<div class=\"wpb_text_column wpb_content_element\" >\n\t\t<div class=\"wpb_wrapper\">\n\t\t\t<p>\u00bfAlguna pregunta? No dude en llamar o enviar un correo electr\u00f3nico a Adam para conversar sin compromiso sobre qu\u00e9 esperar.<\/p>\n\n\t\t<\/div>\n\t<\/div>\n<div class=\"vcex-spacing wpex-w-100 wpex-clear\"><\/div><style>.vcex-list_item.vcex_69f2d242597e9{font-size:var(--wpex-text-xl);}<\/style><div class=\"vcex-list_item vcex-module wpex-m-0 wpex-max-w-100 wpex-mb-5 wpex-text-xl vcex_69f2d242597e9\"><a  href=\"tel:+34689918479\" class=\"vcex-list-item-link wpex-no-underline\"><div class=\"vcex-list-item-inner wpex-inline-flex wpex-flex-no-wrap\"><div class=\"vcex-list-item-icon wpex-mr-10\"><div class=\"vcex-list-item-icon-inner vcex-icon-wrap wpex-inline-flex wpex-justify-center wpex-items-center wpex-leading-none wpex-child-inherit-color\"><span class=\"ticon ticon-phone\" aria-hidden=\"true\"><\/span><\/div><\/div><div class=\"vcex-list-item-text vcex-content wpex-flex-grow\">+34 689 91 84 79<\/div><\/div><\/a><\/div><style>.vcex-list_item.vcex_69f2d24259d9d{font-size:var(--wpex-text-xl);}<\/style><div class=\"vcex-list_item vcex-module wpex-m-0 wpex-max-w-100 wpex-mb-5 wpex-text-xl vcex_69f2d24259d9d\"><a  href=\"mailto:&#099;&#111;&#117;n&#115;e&#108;&#108;in&#103;&#119;&#105;&#116;ha&#100;amm&#097;&#100;ri&#100;&#064;&#103;m&#097;&#105;&#108;&#046;&#099;om\" class=\"vcex-list-item-link wpex-no-underline\"><div class=\"vcex-list-item-inner wpex-inline-flex wpex-flex-no-wrap\"><div class=\"vcex-list-item-icon wpex-mr-10\"><div class=\"vcex-list-item-icon-inner vcex-icon-wrap wpex-inline-flex wpex-justify-center wpex-items-center wpex-leading-none wpex-child-inherit-color\"><span class=\"ticon ticon-envelope\" aria-hidden=\"true\"><\/span><\/div><\/div><div class=\"vcex-list-item-text vcex-content wpex-flex-grow\">counsellingwithadammadrid@gmail.com<\/div><\/div><\/a><\/div><div class=\"vcex-spacing wpex-w-100 wpex-clear\"><\/div>\n<div class=\"wpcf7 no-js\" id=\"wpcf7-f6-o1\" lang=\"en-GB\" dir=\"ltr\" data-wpcf7-id=\"6\">\n<div class=\"screen-reader-response\"><p role=\"status\" aria-live=\"polite\" aria-atomic=\"true\"><\/p> <ul><\/ul><\/div>\n<form action=\"\/es\/wp-json\/wp\/v2\/pages\/7#wpcf7-f6-o1\" method=\"post\" class=\"wpcf7-form init\" aria-label=\"Formulario de contacto\" novalidate=\"novalidate\" data-status=\"init\" data-trp-original-action=\"\/es\/wp-json\/wp\/v2\/pages\/7#wpcf7-f6-o1\">\n<fieldset class=\"hidden-fields-container\"><input type=\"hidden\" name=\"_wpcf7\" value=\"6\" \/><input type=\"hidden\" name=\"_wpcf7_version\" value=\"6.1.5\" \/><input type=\"hidden\" name=\"_wpcf7_locale\" value=\"en_GB\" \/><input type=\"hidden\" name=\"_wpcf7_unit_tag\" value=\"wpcf7-f6-o1\" \/><input type=\"hidden\" name=\"_wpcf7_container_post\" value=\"0\" \/><input type=\"hidden\" name=\"_wpcf7_posted_data_hash\" value=\"\" \/><input type=\"hidden\" name=\"_wpcf7_recaptcha_response\" value=\"\" \/>\n<\/fieldset>\n<div id=\"responsive-form\" class=\"clearfix\">\n\t<div class=\"vc_row\">\n\t\t<div class=\"vc_col-sm-6\">\n\t\t\t<p><label> Su nombre<br \/>\n<span class=\"wpcf7-form-control-wrap\" data-name=\"your-name\"><input size=\"40\" maxlength=\"400\" class=\"wpcf7-form-control wpcf7-text wpcf7-validates-as-required\" aria-required=\"true\" aria-invalid=\"false\" value=\"\" type=\"text\" name=\"your-name\" \/><\/span> <\/label>\n\t\t\t<\/p>\n\t\t<\/div>\n\t\t<div class=\"vc_col-sm-6\">\n\t\t\t<p><label> Tu correo electr\u00f3nico<br \/>\n<span class=\"wpcf7-form-control-wrap\" data-name=\"your-email\"><input size=\"40\" maxlength=\"400\" class=\"wpcf7-form-control wpcf7-email wpcf7-validates-as-required wpcf7-text wpcf7-validates-as-email\" aria-required=\"true\" aria-invalid=\"false\" value=\"\" type=\"email\" name=\"your-email\" \/><\/span> <\/label>\n\t\t\t<\/p>\n\t\t<\/div>\n\t<\/div>\n\t<p><label> Tu mensaje<br \/>\n<span class=\"wpcf7-form-control-wrap\" data-name=\"your-message\"><textarea cols=\"40\" rows=\"3\" maxlength=\"2000\" class=\"wpcf7-form-control wpcf7-textarea\" aria-invalid=\"false\" name=\"your-message\"><\/textarea><\/span> <\/label>\n\t<\/p>\n\t<p>Tipo de consulta<br \/>\n<span class=\"wpcf7-form-control-wrap\" data-name=\"your-enquiry\"><span class=\"wpcf7-form-control wpcf7-checkbox\"><span class=\"wpcf7-list-item first\"><label><input type=\"checkbox\" name=\"your-enquiry[]\" value=\"Counselling\" \/><span class=\"wpcf7-list-item-label\">Terapia<\/span><\/label><\/span><span class=\"wpcf7-list-item\"><label><input type=\"checkbox\" name=\"your-enquiry[]\" value=\"Relationship counselling\" \/><span class=\"wpcf7-list-item-label\">Asesoramiento de pareja<\/span><\/label><\/span><span class=\"wpcf7-list-item last\"><label><input type=\"checkbox\" name=\"your-enquiry[]\" value=\"Cognitive Behavioural Therapy\" \/><span class=\"wpcf7-list-item-label\">Terapia cognitivo-conductual<\/span><\/label><\/span><\/span><\/span>\n\t<\/p>\n\t<p><input class=\"wpcf7-form-control wpcf7-submit has-spinner\" type=\"submit\" value=\"Enviar\" \/>\n\t<\/p>\n<\/div><div class=\"wpcf7-response-output\" aria-hidden=\"true\"><\/div>\n<input type=\"hidden\" name=\"trp-form-language\" value=\"es\"\/><\/form>\n<\/div>\n<div class=\"vcex-spacing wpex-w-100 wpex-clear\"><\/div><\/div><\/div><\/div><\/div><\/div><\/div><\/div><\/div><div class=\"vc_row-full-width vc_clearfix\"><\/div>\n<\/section>","protected":false},"excerpt":{"rendered":"Profesional de la consejer\u00eda con experiencia. Soy una consejera de relaciones con experiencia, que trabaja con parejas, personas con m\u00faltiples parejas, familias e individuos. Mi objetivo es ayudar a las personas a resolver la mayor\u00eda de los problemas que causan angustia y malestar emocional. Soy una profesional con conocimientos, experiencia y comprensi\u00f3n. Ofrezco un espacio c\u00e1lido, confidencial y seguro para hablar. Soy una consejera integrativa\u2026","protected":false},"author":1,"featured_media":0,"parent":0,"menu_order":0,"comment_status":"closed","ping_status":"closed","template":"","meta":{"footnotes":""},"class_list":["post-7","page","type-page","status-publish","hentry","entry","no-media"],"_links":{"self":[{"href":"https:\/\/counsellingwithadam.net\/es\/wp-json\/wp\/v2\/pages\/7","targetHints":{"allow":["GET"]}}],"collection":[{"href":"https:\/\/counsellingwithadam.net\/es\/wp-json\/wp\/v2\/pages"}],"about":[{"href":"https:\/\/counsellingwithadam.net\/es\/wp-json\/wp\/v2\/types\/page"}],"author":[{"embeddable":true,"href":"https:\/\/counsellingwithadam.net\/es\/wp-json\/wp\/v2\/users\/1"}],"replies":[{"embeddable":true,"href":"https:\/\/counsellingwithadam.net\/es\/wp-json\/wp\/v2\/comments?post=7"}],"version-history":[{"count":36,"href":"https:\/\/counsellingwithadam.net\/es\/wp-json\/wp\/v2\/pages\/7\/revisions"}],"predecessor-version":[{"id":103,"href":"https:\/\/counsellingwithadam.net\/es\/wp-json\/wp\/v2\/pages\/7\/revisions\/103"}],"wp:attachment":[{"href":"https:\/\/counsellingwithadam.net\/es\/wp-json\/wp\/v2\/media?parent=7"}],"curies":[{"name":"wp","href":"https:\/\/api.w.org\/{rel}","templated":true}]}}