{"id":67,"date":"2024-10-07T10:32:06","date_gmt":"2024-10-07T09:32:06","guid":{"rendered":"https:\/\/counsellingwithadam.net\/?page_id=67"},"modified":"2024-10-07T10:32:24","modified_gmt":"2024-10-07T09:32:24","slug":"couples-therapy","status":"publish","type":"page","link":"https:\/\/counsellingwithadam.net\/es\/couples-therapy\/","title":{"rendered":"Asesoramiento de pareja\/relaciones"},"content":{"rendered":"<section class=\"wpb-content-wrapper\"><div class=\"vc_row wpb_row vc_row-fluid\"><div class=\"wpb_column vc_column_container vc_col-sm-12\"><div class=\"vc_column-inner\"><div class=\"wpb_wrapper\"><style>.vcex-heading.vcex_69f2e81530d37{font-size:var(--wpex-text-5xl);}<\/style><div class=\"vcex-heading vcex-heading-bottom-border-w-color vcex-module wpex-heading wpex-text-2xl wpex-border-b-2 wpex-border-solid wpex-border-main vcex_69f2e81530d37\"><span class=\"vcex-heading-inner wpex-inline-block wpex-relative wpex-pb-5 wpex-border-b-2 wpex-border-solid wpex-border-accent\">Asesoramiento de pareja\/relaciones<\/span><\/div><\/div><\/div><\/div><\/div><div class=\"vc_row wpb_row vc_row-fluid\"><div class=\"wpb_column vc_column_container vc_col-sm-12\"><div class=\"vc_column-inner\"><div class=\"wpb_wrapper\">\n\t<div class=\"wpb_text_column wpb_content_element\" >\n\t\t<div class=\"wpb_wrapper\">\n\t\t\t<p>En el asesoramiento de pareja, trabajar\u00e9 contigo para mejorar la comunicaci\u00f3n, la comprensi\u00f3n y las habilidades de resoluci\u00f3n de problemas. Los objetivos del asesoramiento de pareja var\u00edan seg\u00fan los problemas espec\u00edficos de la relaci\u00f3n, pero suelen incluir:<\/p>\n<ul>\n<li>Mejorar la comunicaci\u00f3n: Ayudo a las parejas a aprender a comunicarse de forma m\u00e1s efectiva y abierta entre s\u00ed.<\/li>\n<li>Resoluci\u00f3n de conflictos: Se orienta a las parejas para abordar y resolver los conflictos de una manera m\u00e1s saludable y constructiva.<\/li>\n<li>Fortalecimiento de las conexiones emocionales: los terapeutas ayudan a reconstruir la intimidad emocional y la confianza dentro de la relaci\u00f3n.<\/li>\n<li>Identificaci\u00f3n de patrones: El terapeuta ayuda a las parejas a identificar patrones negativos de interacci\u00f3n y proporciona estrategias para cambiarlos.<\/li>\n<li>Mejorar las habilidades de resoluci\u00f3n de problemas: las parejas aprenden t\u00e9cnicas de resoluci\u00f3n de problemas para abordar desaf\u00edos y tomar decisiones conjuntas.<\/li>\n<li>Establecer metas: Las parejas pueden trabajar para establecer y alcanzar metas de relaci\u00f3n para fomentar una relaci\u00f3n m\u00e1s feliz y saludable.<\/li>\n<\/ul>\n<p>Tarifas: Primera sesi\u00f3n 120\u20ac por 90 min. Las sesiones posteriores son de 1 hora a 100\u20ac.<\/p>\n\n\t\t<\/div>\n\t<\/div>\n<div class=\"vc_custom_1720827621193 wpex-clr\"><div class=\"theme-button-wrap textcenter wpex-clr\"><a href=\"\/es\/#contact\" class=\"vcex-button theme-button medium align-center inline\"><span class=\"vcex-button-inner theme-button-inner\">Ponte en contacto con nosotros<\/span><\/a><\/div><\/div> <\/div><\/div><\/div><\/div>\n<\/section>","protected":false},"excerpt":{"rendered":"Terapia de Pareja\/Relaci\u00f3n. En la terapia de pareja, trabajar\u00e9 contigo para mejorar la comunicaci\u00f3n, la comprensi\u00f3n y la resoluci\u00f3n de problemas. Los objetivos de la terapia de pareja var\u00edan seg\u00fan los problemas espec\u00edficos de la relaci\u00f3n, pero suelen incluir: Mejorar la comunicaci\u00f3n: Ayudo a las parejas a aprender a comunicarse de forma m\u00e1s efectiva y abierta. Resolver conflictos: Las parejas reciben orientaci\u00f3n en\u2026","protected":false},"author":1,"featured_media":0,"parent":0,"menu_order":0,"comment_status":"closed","ping_status":"closed","template":"","meta":{"footnotes":""},"class_list":["post-67","page","type-page","status-publish","hentry","entry","no-media"],"_links":{"self":[{"href":"https:\/\/counsellingwithadam.net\/es\/wp-json\/wp\/v2\/pages\/67","targetHints":{"allow":["GET"]}}],"collection":[{"href":"https:\/\/counsellingwithadam.net\/es\/wp-json\/wp\/v2\/pages"}],"about":[{"href":"https:\/\/counsellingwithadam.net\/es\/wp-json\/wp\/v2\/types\/page"}],"author":[{"embeddable":true,"href":"https:\/\/counsellingwithadam.net\/es\/wp-json\/wp\/v2\/users\/1"}],"replies":[{"embeddable":true,"href":"https:\/\/counsellingwithadam.net\/es\/wp-json\/wp\/v2\/comments?post=67"}],"version-history":[{"count":2,"href":"https:\/\/counsellingwithadam.net\/es\/wp-json\/wp\/v2\/pages\/67\/revisions"}],"predecessor-version":[{"id":69,"href":"https:\/\/counsellingwithadam.net\/es\/wp-json\/wp\/v2\/pages\/67\/revisions\/69"}],"wp:attachment":[{"href":"https:\/\/counsellingwithadam.net\/es\/wp-json\/wp\/v2\/media?parent=67"}],"curies":[{"name":"wp","href":"https:\/\/api.w.org\/{rel}","templated":true}]}}