{"id":101,"date":"2025-12-22T20:29:38","date_gmt":"2025-12-22T20:29:38","guid":{"rendered":"https:\/\/counsellingwithadam.net\/?page_id=101"},"modified":"2025-12-22T20:32:47","modified_gmt":"2025-12-22T20:32:47","slug":"cognitive-behavioural-therapy","status":"publish","type":"page","link":"https:\/\/counsellingwithadam.net\/es\/cognitive-behavioural-therapy\/","title":{"rendered":"Terapia cognitivo-conductual"},"content":{"rendered":"<section class=\"wpb-content-wrapper\"><div class=\"vc_row wpb_row vc_row-fluid\"><div class=\"wpb_column vc_column_container vc_col-sm-12\"><div class=\"vc_column-inner\"><div class=\"wpb_wrapper\"><style>.vcex-heading.vcex_69e00e397b51b{font-size:var(--wpex-text-4xl);}<\/style><div class=\"vcex-heading vcex-heading-bottom-border-w-color vcex-module wpex-heading wpex-text-2xl wpex-border-b-2 wpex-border-solid wpex-border-main vcex_69e00e397b51b\"><span class=\"vcex-heading-inner wpex-inline-block wpex-relative wpex-pb-5 wpex-border-b-2 wpex-border-solid wpex-border-accent\">\u00bfQu\u00e9 es la terapia cognitivo-conductual (TCC)?<\/span><\/div><\/div><\/div><\/div><\/div><div class=\"vc_row wpb_row vc_row-fluid\"><div class=\"wpb_column vc_column_container vc_col-sm-12\"><div class=\"vc_column-inner\"><div class=\"wpb_wrapper\">\n\t<div class=\"wpb_text_column wpb_content_element\" >\n\t\t<div class=\"wpb_wrapper\">\n\t\t\t<p>La tradici\u00f3n cognitivo-conductual representa un enfoque importante en la terapia, con sus propios m\u00e9todos y conceptos distintivos. Este enfoque, surgido de la psicolog\u00eda conductual, se caracteriza por tres rasgos clave: una orientaci\u00f3n a la resoluci\u00f3n de problemas y al cambio en el trabajo con los clientes; el respeto por los valores cient\u00edficos; y una atenci\u00f3n minuciosa a los procesos cognitivos mediante los cuales las personas supervisan y controlan su comportamiento.<\/p>\n<p>A diferencia de los enfoques psicodin\u00e1micos y centrados en la persona, que hacen hincapi\u00e9 en la exploraci\u00f3n y la comprensi\u00f3n, la terapia cognitivo-conductual se centra menos en la introspecci\u00f3n y m\u00e1s en la acci\u00f3n del cliente para producir cambios. Si bien los profesionales pueden tener estilos diferentes, la terapia cognitivo-conductual tiende a operar dentro de un programa estructurado por etapas, en el que se identifica la conducta problem\u00e1tica que ha estado afectando al cliente y luego se modifica de manera sistem\u00e1tica y gradual. El atractivo de la TCC, para muchos clientes, radica en que la experimentan como una terapia con prop\u00f3sito y l\u00f3gica: se les explica claramente qu\u00e9 se espera de ellos y c\u00f3mo sus esfuerzos los llevar\u00e1n a los resultados deseados. Las principales \u00e1reas de enfoque dentro de la terapia cognitivo-conductual son:<\/p>\n<ol>\n<li>La relaci\u00f3n terap\u00e9utica: establecer una buena relaci\u00f3n y crear una alianza de trabajo entre el terapeuta y el cliente; explicar la justificaci\u00f3n del tratamiento.<\/li>\n<li>Evaluaci\u00f3n: identificaci\u00f3n y cuantificaci\u00f3n de la frecuencia, intensidad y pertinencia de las conductas y cogniciones problem\u00e1ticas.<\/li>\n<li>Formulaci\u00f3n del caso: llegar a una conceptualizaci\u00f3n consensuada de los or\u00edgenes y el mantenimiento de los problemas actuales y establecer metas u objetivos de cambio que sean espec\u00edficos y alcanzables.<\/li>\n<li>Intervenci\u00f3n: aplicaci\u00f3n de t\u00e9cnicas cognitivas y conductuales.<\/li>\n<li>Seguimiento: utilizar la evaluaci\u00f3n continua de las conductas objetivo para evaluar la eficacia de las intervenciones.<\/li>\n<li>Prevenci\u00f3n de reca\u00eddas: prestar atenci\u00f3n a la finalizaci\u00f3n del tratamiento y al seguimiento planificado para reforzar la generalizaci\u00f3n de los beneficios.<\/li>\n<\/ol>\n\n\t\t<\/div>\n\t<\/div>\n<div class=\"vc_custom_1720827621193 wpex-clr\"><div class=\"theme-button-wrap textcenter wpex-clr\"><a href=\"\/es\/#contact\" class=\"vcex-button theme-button medium align-center inline\"><span class=\"vcex-button-inner theme-button-inner\">Ponte en contacto con nosotros<\/span><\/a><\/div><\/div> <\/div><\/div><\/div><\/div>\n<\/section>","protected":false},"excerpt":{"rendered":"\u00bfQu\u00e9 es la Terapia Cognitivo-Conductual (TCC)? La tradici\u00f3n cognitivo-conductual representa un enfoque importante para la consejer\u00eda, con sus propios m\u00e9todos y conceptos distintivos. Este enfoque ha evolucionado a partir de la psicolog\u00eda conductual y tiene tres caracter\u00edsticas clave: un enfoque de resoluci\u00f3n de problemas y centrado en el cambio para trabajar con los clientes; un respeto por los valores cient\u00edficos; y una atenci\u00f3n minuciosa a la cognici\u00f3n\u2026","protected":false},"author":1,"featured_media":0,"parent":0,"menu_order":0,"comment_status":"closed","ping_status":"closed","template":"","meta":{"footnotes":""},"class_list":["post-101","page","type-page","status-publish","hentry","entry","no-media"],"_links":{"self":[{"href":"https:\/\/counsellingwithadam.net\/es\/wp-json\/wp\/v2\/pages\/101","targetHints":{"allow":["GET"]}}],"collection":[{"href":"https:\/\/counsellingwithadam.net\/es\/wp-json\/wp\/v2\/pages"}],"about":[{"href":"https:\/\/counsellingwithadam.net\/es\/wp-json\/wp\/v2\/types\/page"}],"author":[{"embeddable":true,"href":"https:\/\/counsellingwithadam.net\/es\/wp-json\/wp\/v2\/users\/1"}],"replies":[{"embeddable":true,"href":"https:\/\/counsellingwithadam.net\/es\/wp-json\/wp\/v2\/comments?post=101"}],"version-history":[{"count":3,"href":"https:\/\/counsellingwithadam.net\/es\/wp-json\/wp\/v2\/pages\/101\/revisions"}],"predecessor-version":[{"id":105,"href":"https:\/\/counsellingwithadam.net\/es\/wp-json\/wp\/v2\/pages\/101\/revisions\/105"}],"wp:attachment":[{"href":"https:\/\/counsellingwithadam.net\/es\/wp-json\/wp\/v2\/media?parent=101"}],"curies":[{"name":"wp","href":"https:\/\/api.w.org\/{rel}","templated":true}]}}